{"id":995,"date":"2021-12-31T10:42:38","date_gmt":"2021-12-31T09:42:38","guid":{"rendered":"http:\/\/mapcable.cat\/tecnologia-e-instalaciones\/"},"modified":"2022-06-27T17:59:53","modified_gmt":"2022-06-27T15:59:53","slug":"tecnologia-e-instalaciones","status":"publish","type":"page","link":"https:\/\/mapcable.cat\/es\/tecnologia-e-instalaciones\/","title":{"rendered":"Tecnolog\u00eda e instalaciones"},"content":{"rendered":"\t\t<div data-elementor-type=\"wp-page\" data-elementor-id=\"995\" class=\"elementor elementor-995 elementor-33\" data-elementor-post-type=\"page\">\n\t\t\t\t\t\t<section class=\"elementor-section elementor-top-section elementor-element elementor-element-915ffa8 elementor-section-boxed elementor-section-height-default elementor-section-height-default\" data-id=\"915ffa8\" data-element_type=\"section\">\n\t\t\t\t\t\t<div class=\"elementor-container elementor-column-gap-no\">\n\t\t\t\t\t<div class=\"elementor-column elementor-col-50 elementor-top-column elementor-element elementor-element-419fa27\" data-id=\"419fa27\" data-element_type=\"column\">\n\t\t\t<div class=\"elementor-widget-wrap elementor-element-populated\">\n\t\t\t\t\t\t<div class=\"elementor-element elementor-element-ff0aac5 elementor-widget elementor-widget-heading\" data-id=\"ff0aac5\" data-element_type=\"widget\" data-widget_type=\"heading.default\">\n\t\t\t\t<div class=\"elementor-widget-container\">\n\t\t\t\t\t<h2 class=\"elementor-heading-title elementor-size-default\">Tecnolog\u00eda<\/h2>\t\t\t\t<\/div>\n\t\t\t\t<\/div>\n\t\t\t\t<div class=\"elementor-element elementor-element-5cb261c elementor-widget elementor-widget-text-editor\" data-id=\"5cb261c\" data-element_type=\"widget\" data-widget_type=\"text-editor.default\">\n\t\t\t\t<div class=\"elementor-widget-container\">\n\t\t\t\t\t\t\t\t\tMAPCABLE cuenta con nueva tecnolog\u00eda y un trabajo informatizado para todo el proceso de producci\u00f3n, almacenamiento y expedici\u00f3n. Nuestra maquinaria de \u00faltima generaci\u00f3n est\u00e1 capacitada para adaptarse a los cambios y los requisitos del mercado.\r\n\r\nDisponemos de herramientas tecnol\u00f3gicas que facilitan la adaptaci\u00f3n de las personas en su lugar de trabajo y producci\u00f3n.\t\t\t\t\t\t\t\t<\/div>\n\t\t\t\t<\/div>\n\t\t\t\t\t<\/div>\n\t\t<\/div>\n\t\t\t\t<div class=\"elementor-column elementor-col-50 elementor-top-column elementor-element elementor-element-a1d5280\" data-id=\"a1d5280\" data-element_type=\"column\">\n\t\t\t<div class=\"elementor-widget-wrap elementor-element-populated\">\n\t\t\t\t\t\t<div class=\"elementor-element elementor-element-8c8a210 elementor-widget elementor-widget-video\" data-id=\"8c8a210\" data-element_type=\"widget\" data-settings=\"{&quot;video_type&quot;:&quot;hosted&quot;,&quot;autoplay&quot;:&quot;yes&quot;,&quot;play_on_mobile&quot;:&quot;yes&quot;,&quot;controls&quot;:&quot;yes&quot;}\" data-widget_type=\"video.default\">\n\t\t\t\t<div class=\"elementor-widget-container\">\n\t\t\t\t\t\t\t<div class=\"e-hosted-video elementor-wrapper elementor-open-inline\">\n\t\t\t\t\t<video class=\"elementor-video\" src=\"http:\/\/mapcable.cat\/wp-content\/uploads\/2022\/06\/mapcable-tecnologia-instal-lacions-esp.mp4\" autoplay=\"\" controls=\"\" playsinline=\"\" controlsList=\"nodownload\"><\/video>\n\t\t\t\t<\/div>\n\t\t\t\t\t\t<\/div>\n\t\t\t\t<\/div>\n\t\t\t\t\t<\/div>\n\t\t<\/div>\n\t\t\t\t\t<\/div>\n\t\t<\/section>\n\t\t\t\t<section class=\"elementor-section elementor-top-section elementor-element elementor-element-a7f2722 elementor-section-boxed elementor-section-height-default elementor-section-height-default\" data-id=\"a7f2722\" data-element_type=\"section\">\n\t\t\t\t\t\t<div class=\"elementor-container elementor-column-gap-narrow\">\n\t\t\t\t\t<div class=\"elementor-column elementor-col-25 elementor-top-column elementor-element elementor-element-30ab037\" data-id=\"30ab037\" data-element_type=\"column\">\n\t\t\t<div class=\"elementor-widget-wrap elementor-element-populated\">\n\t\t\t\t\t\t<div class=\"elementor-element elementor-element-b8a0bd8 elementor-widget elementor-widget-image\" data-id=\"b8a0bd8\" data-element_type=\"widget\" data-widget_type=\"image.default\">\n\t\t\t\t<div class=\"elementor-widget-container\">\n\t\t\t\t\t\t\t\t\t\t\t\t\t\t\t<img fetchpriority=\"high\" decoding=\"async\" width=\"1024\" height=\"683\" src=\"https:\/\/mapcable.cat\/wp-content\/uploads\/2022\/03\/3dmapcable-1024x683.jpg\" class=\"attachment-large size-large wp-image-870\" alt=\"\" srcset=\"https:\/\/mapcable.cat\/wp-content\/uploads\/2022\/03\/3dmapcable-1024x683.jpg 1024w, https:\/\/mapcable.cat\/wp-content\/uploads\/2022\/03\/3dmapcable-300x200.jpg 300w, https:\/\/mapcable.cat\/wp-content\/uploads\/2022\/03\/3dmapcable-768x512.jpg 768w, https:\/\/mapcable.cat\/wp-content\/uploads\/2022\/03\/3dmapcable-1536x1025.jpg 1536w, https:\/\/mapcable.cat\/wp-content\/uploads\/2022\/03\/3dmapcable.jpg 1920w\" sizes=\"(max-width: 1024px) 100vw, 1024px\" \/>\t\t\t\t\t\t\t\t\t\t\t\t\t\t\t<\/div>\n\t\t\t\t<\/div>\n\t\t\t\t<div class=\"elementor-element elementor-element-0e0d178 elementor-widget elementor-widget-heading\" data-id=\"0e0d178\" data-element_type=\"widget\" data-widget_type=\"heading.default\">\n\t\t\t\t<div class=\"elementor-widget-container\">\n\t\t\t\t\t<h3 class=\"elementor-heading-title elementor-size-default\">Impresi\u00f3n 3D<\/h3>\t\t\t\t<\/div>\n\t\t\t\t<\/div>\n\t\t\t\t<div class=\"elementor-element elementor-element-b20b1f0 elementor-widget elementor-widget-text-editor\" data-id=\"b20b1f0\" data-element_type=\"widget\" data-widget_type=\"text-editor.default\">\n\t\t\t\t<div class=\"elementor-widget-container\">\n\t\t\t\t\t\t\t\t\tLa implantaci\u00f3n de la impresora 3D nos permite crear prototipos y utillajes de una forma m\u00e1s r\u00e1pida por la l\u00ednea de producci\u00f3n.\t\t\t\t\t\t\t\t<\/div>\n\t\t\t\t<\/div>\n\t\t\t\t\t<\/div>\n\t\t<\/div>\n\t\t\t\t<div class=\"elementor-column elementor-col-25 elementor-top-column elementor-element elementor-element-d6a5f4e\" data-id=\"d6a5f4e\" data-element_type=\"column\">\n\t\t\t<div class=\"elementor-widget-wrap elementor-element-populated\">\n\t\t\t\t\t\t<div class=\"elementor-element elementor-element-e6335c3 elementor-widget elementor-widget-image\" data-id=\"e6335c3\" data-element_type=\"widget\" data-widget_type=\"image.default\">\n\t\t\t\t<div class=\"elementor-widget-container\">\n\t\t\t\t\t\t\t\t\t\t\t\t\t\t\t<img decoding=\"async\" width=\"1024\" height=\"683\" src=\"https:\/\/mapcable.cat\/wp-content\/uploads\/2022\/02\/tecnologiesMapcable-Thiago-1024x683.jpg\" class=\"attachment-large size-large wp-image-838\" alt=\"\" srcset=\"https:\/\/mapcable.cat\/wp-content\/uploads\/2022\/02\/tecnologiesMapcable-Thiago-1024x683.jpg 1024w, https:\/\/mapcable.cat\/wp-content\/uploads\/2022\/02\/tecnologiesMapcable-Thiago-300x200.jpg 300w, https:\/\/mapcable.cat\/wp-content\/uploads\/2022\/02\/tecnologiesMapcable-Thiago-768x512.jpg 768w, https:\/\/mapcable.cat\/wp-content\/uploads\/2022\/02\/tecnologiesMapcable-Thiago-1536x1025.jpg 1536w, https:\/\/mapcable.cat\/wp-content\/uploads\/2022\/02\/tecnologiesMapcable-Thiago.jpg 1920w\" sizes=\"(max-width: 1024px) 100vw, 1024px\" \/>\t\t\t\t\t\t\t\t\t\t\t\t\t\t\t<\/div>\n\t\t\t\t<\/div>\n\t\t\t\t<div class=\"elementor-element elementor-element-bb8defb elementor-widget elementor-widget-heading\" data-id=\"bb8defb\" data-element_type=\"widget\" data-widget_type=\"heading.default\">\n\t\t\t\t<div class=\"elementor-widget-container\">\n\t\t\t\t\t<h3 class=\"elementor-heading-title elementor-size-default\">Log\u00edstica robotizada<\/h3>\t\t\t\t<\/div>\n\t\t\t\t<\/div>\n\t\t\t\t<div class=\"elementor-element elementor-element-7ad4ac2 elementor-widget elementor-widget-text-editor\" data-id=\"7ad4ac2\" data-element_type=\"widget\" data-widget_type=\"text-editor.default\">\n\t\t\t\t<div class=\"elementor-widget-container\">\n\t\t\t\t\t\t\t\t\tSe trata de un manipulador de materiales m\u00f3vil que combina percepci\u00f3n, navegaci\u00f3n, manipulaci\u00f3n y habilidades de interacci\u00f3n entre personas y robots. Mediante \u00e9ste facilitamos los movimientos de materiales internos en la planta garantizando su flujo constante.\t\t\t\t\t\t\t\t<\/div>\n\t\t\t\t<\/div>\n\t\t\t\t\t<\/div>\n\t\t<\/div>\n\t\t\t\t<div class=\"elementor-column elementor-col-25 elementor-top-column elementor-element elementor-element-53c6f0b\" data-id=\"53c6f0b\" data-element_type=\"column\">\n\t\t\t<div class=\"elementor-widget-wrap elementor-element-populated\">\n\t\t\t\t\t\t<div class=\"elementor-element elementor-element-f54d83e elementor-widget elementor-widget-image\" data-id=\"f54d83e\" data-element_type=\"widget\" data-widget_type=\"image.default\">\n\t\t\t\t<div class=\"elementor-widget-container\">\n\t\t\t\t\t\t\t\t\t\t\t\t\t\t\t<img decoding=\"async\" width=\"900\" height=\"600\" src=\"https:\/\/mapcable.cat\/wp-content\/uploads\/2022\/02\/tecnologiesMapcable-magatzeminteligent.jpg\" class=\"attachment-large size-large wp-image-840\" alt=\"\" srcset=\"https:\/\/mapcable.cat\/wp-content\/uploads\/2022\/02\/tecnologiesMapcable-magatzeminteligent.jpg 900w, https:\/\/mapcable.cat\/wp-content\/uploads\/2022\/02\/tecnologiesMapcable-magatzeminteligent-300x200.jpg 300w, https:\/\/mapcable.cat\/wp-content\/uploads\/2022\/02\/tecnologiesMapcable-magatzeminteligent-768x512.jpg 768w\" sizes=\"(max-width: 900px) 100vw, 900px\" \/>\t\t\t\t\t\t\t\t\t\t\t\t\t\t\t<\/div>\n\t\t\t\t<\/div>\n\t\t\t\t<div class=\"elementor-element elementor-element-c9647d9 elementor-widget elementor-widget-heading\" data-id=\"c9647d9\" data-element_type=\"widget\" data-widget_type=\"heading.default\">\n\t\t\t\t<div class=\"elementor-widget-container\">\n\t\t\t\t\t<h3 class=\"elementor-heading-title elementor-size-default\">Almacenes inteligentes<\/h3>\t\t\t\t<\/div>\n\t\t\t\t<\/div>\n\t\t\t\t<div class=\"elementor-element elementor-element-4046a8f elementor-widget elementor-widget-text-editor\" data-id=\"4046a8f\" data-element_type=\"widget\" data-widget_type=\"text-editor.default\">\n\t\t\t\t<div class=\"elementor-widget-container\">\n\t\t\t\t\t\t\t\t\tDisponemos de dos estanter\u00edas verticales Kardex con una capacidad de almacenamiento por m\u00e1s de 2.500 referencias con picking directo a las l\u00edneas de trabajo.\t\t\t\t\t\t\t\t<\/div>\n\t\t\t\t<\/div>\n\t\t\t\t\t<\/div>\n\t\t<\/div>\n\t\t\t\t<div class=\"elementor-column elementor-col-25 elementor-top-column elementor-element elementor-element-3a27077\" data-id=\"3a27077\" data-element_type=\"column\">\n\t\t\t<div class=\"elementor-widget-wrap elementor-element-populated\">\n\t\t\t\t\t\t<div class=\"elementor-element elementor-element-02a3998 elementor-widget elementor-widget-image\" data-id=\"02a3998\" data-element_type=\"widget\" data-widget_type=\"image.default\">\n\t\t\t\t<div class=\"elementor-widget-container\">\n\t\t\t\t\t\t\t\t\t\t\t\t\t\t\t<img loading=\"lazy\" decoding=\"async\" width=\"900\" height=\"600\" src=\"https:\/\/mapcable.cat\/wp-content\/uploads\/2022\/03\/tecnologiamapcable.jpg\" class=\"attachment-large size-large wp-image-920\" alt=\"\" srcset=\"https:\/\/mapcable.cat\/wp-content\/uploads\/2022\/03\/tecnologiamapcable.jpg 900w, https:\/\/mapcable.cat\/wp-content\/uploads\/2022\/03\/tecnologiamapcable-300x200.jpg 300w, https:\/\/mapcable.cat\/wp-content\/uploads\/2022\/03\/tecnologiamapcable-768x512.jpg 768w\" sizes=\"(max-width: 900px) 100vw, 900px\" \/>\t\t\t\t\t\t\t\t\t\t\t\t\t\t\t<\/div>\n\t\t\t\t<\/div>\n\t\t\t\t<div class=\"elementor-element elementor-element-f87e40f elementor-widget elementor-widget-heading\" data-id=\"f87e40f\" data-element_type=\"widget\" data-widget_type=\"heading.default\">\n\t\t\t\t<div class=\"elementor-widget-container\">\n\t\t\t\t\t<h3 class=\"elementor-heading-title elementor-size-default\">SGA<\/h3>\t\t\t\t<\/div>\n\t\t\t\t<\/div>\n\t\t\t\t<div class=\"elementor-element elementor-element-5b29ad4 elementor-widget elementor-widget-text-editor\" data-id=\"5b29ad4\" data-element_type=\"widget\" data-widget_type=\"text-editor.default\">\n\t\t\t\t<div class=\"elementor-widget-container\">\n\t\t\t\t\t\t\t\t\tEl programa de Sistemas de Gesti\u00f3n de Almacenes nos facilita la gesti\u00f3n de ubicaciones y trazabilidad de los materiales.\t\t\t\t\t\t\t\t<\/div>\n\t\t\t\t<\/div>\n\t\t\t\t\t<\/div>\n\t\t<\/div>\n\t\t\t\t\t<\/div>\n\t\t<\/section>\n\t\t\t\t<section class=\"elementor-section elementor-top-section elementor-element elementor-element-dfa35a8 elementor-section-stretched elementor-section-boxed elementor-section-height-default elementor-section-height-default\" data-id=\"dfa35a8\" data-element_type=\"section\" data-settings=\"{&quot;stretch_section&quot;:&quot;section-stretched&quot;,&quot;background_background&quot;:&quot;classic&quot;}\">\n\t\t\t\t\t\t<div class=\"elementor-container elementor-column-gap-no\">\n\t\t\t\t\t<div class=\"elementor-column elementor-col-100 elementor-top-column elementor-element elementor-element-20a2939\" data-id=\"20a2939\" data-element_type=\"column\">\n\t\t\t<div class=\"elementor-widget-wrap elementor-element-populated\">\n\t\t\t\t\t\t<div class=\"elementor-element elementor-element-a702e67 elementor-widget elementor-widget-heading\" data-id=\"a702e67\" data-element_type=\"widget\" data-widget_type=\"heading.default\">\n\t\t\t\t<div class=\"elementor-widget-container\">\n\t\t\t\t\t<h2 class=\"elementor-heading-title elementor-size-default\">Instalaciones<\/h2>\t\t\t\t<\/div>\n\t\t\t\t<\/div>\n\t\t\t\t<div class=\"elementor-element elementor-element-a874ade elementor-widget elementor-widget-text-editor\" data-id=\"a874ade\" data-element_type=\"widget\" data-widget_type=\"text-editor.default\">\n\t\t\t\t<div class=\"elementor-widget-container\">\n\t\t\t\t\t\t\t\t\tNuestra planta productiva es de 1500m2 de producci\u00f3n y montaje y de 1.200m2 de almac\u00e9n que lo complementan dos sistemas de estanter\u00edas inteligentes de elevaci\u00f3n vertical con una capacidad de almacenamiento total de 375m2.\r\n\r\nMAPCABLE dispone de las herramientas, las tecnolog\u00edas y el espacio de almacenamiento necesario para llevar a cabo las actividades requeridas de forma \u00e1gil y eficiente.\t\t\t\t\t\t\t\t<\/div>\n\t\t\t\t<\/div>\n\t\t\t\t\t<\/div>\n\t\t<\/div>\n\t\t\t\t\t<\/div>\n\t\t<\/section>\n\t\t\t\t<section class=\"elementor-section elementor-top-section elementor-element elementor-element-1488c1d elementor-section-full_width elementor-section-stretched elementor-section-height-default elementor-section-height-default\" data-id=\"1488c1d\" data-element_type=\"section\" data-settings=\"{&quot;stretch_section&quot;:&quot;section-stretched&quot;}\">\n\t\t\t\t\t\t<div class=\"elementor-container elementor-column-gap-no\">\n\t\t\t\t\t<div class=\"elementor-column elementor-col-100 elementor-top-column elementor-element elementor-element-a4b2e7c\" data-id=\"a4b2e7c\" data-element_type=\"column\">\n\t\t\t<div class=\"elementor-widget-wrap elementor-element-populated\">\n\t\t\t\t\t\t<div class=\"elementor-element elementor-element-a29bb22 elementor-widget elementor-widget-image-carousel\" data-id=\"a29bb22\" data-element_type=\"widget\" data-settings=\"{&quot;slides_to_show&quot;:&quot;3&quot;,&quot;slides_to_scroll&quot;:&quot;1&quot;,&quot;navigation&quot;:&quot;none&quot;,&quot;pause_on_hover&quot;:&quot;no&quot;,&quot;pause_on_interaction&quot;:&quot;no&quot;,&quot;autoplay_speed&quot;:1000,&quot;speed&quot;:2500,&quot;image_spacing_custom&quot;:{&quot;unit&quot;:&quot;px&quot;,&quot;size&quot;:10,&quot;sizes&quot;:[]},&quot;autoplay&quot;:&quot;yes&quot;,&quot;infinite&quot;:&quot;yes&quot;,&quot;image_spacing_custom_tablet&quot;:{&quot;unit&quot;:&quot;px&quot;,&quot;size&quot;:&quot;&quot;,&quot;sizes&quot;:[]},&quot;image_spacing_custom_mobile&quot;:{&quot;unit&quot;:&quot;px&quot;,&quot;size&quot;:&quot;&quot;,&quot;sizes&quot;:[]}}\" data-widget_type=\"image-carousel.default\">\n\t\t\t\t<div class=\"elementor-widget-container\">\n\t\t\t\t\t\t\t<div class=\"elementor-image-carousel-wrapper swiper\" role=\"region\" aria-roledescription=\"carousel\" aria-label=\"Carrusel de im\u00e1genes\" dir=\"ltr\">\n\t\t\t<div class=\"elementor-image-carousel swiper-wrapper\" aria-live=\"off\">\n\t\t\t\t\t\t\t\t<div class=\"swiper-slide\" role=\"group\" aria-roledescription=\"slide\" aria-label=\"1 de 6\"><figure class=\"swiper-slide-inner\"><img decoding=\"async\" class=\"swiper-slide-image\" src=\"https:\/\/mapcable.cat\/wp-content\/uploads\/2022\/02\/tecnologiesMapcable-magatzeminteligent2.jpg\" alt=\"tecnologiesMapcable-magatzeminteligent2\" \/><\/figure><\/div><div class=\"swiper-slide\" role=\"group\" aria-roledescription=\"slide\" aria-label=\"2 de 6\"><figure class=\"swiper-slide-inner\"><img decoding=\"async\" class=\"swiper-slide-image\" src=\"https:\/\/mapcable.cat\/wp-content\/uploads\/2022\/02\/tecnologiesMapcable-magatzeminteligent.jpg\" alt=\"tecnologiesMapcable-magatzeminteligent\" \/><\/figure><\/div><div class=\"swiper-slide\" role=\"group\" aria-roledescription=\"slide\" aria-label=\"3 de 6\"><figure class=\"swiper-slide-inner\"><img decoding=\"async\" class=\"swiper-slide-image\" src=\"https:\/\/mapcable.cat\/wp-content\/uploads\/2022\/02\/tecnologiesMapcable-Thiago.jpg\" alt=\"tecnologiesMapcable-Thiago\" \/><\/figure><\/div><div class=\"swiper-slide\" role=\"group\" aria-roledescription=\"slide\" aria-label=\"4 de 6\"><figure class=\"swiper-slide-inner\"><img decoding=\"async\" class=\"swiper-slide-image\" src=\"https:\/\/mapcable.cat\/wp-content\/uploads\/2022\/02\/Mapcablepersones6.jpg\" alt=\"Mapcablepersones6\" \/><\/figure><\/div><div class=\"swiper-slide\" role=\"group\" aria-roledescription=\"slide\" aria-label=\"5 de 6\"><figure class=\"swiper-slide-inner\"><img decoding=\"async\" class=\"swiper-slide-image\" src=\"https:\/\/mapcable.cat\/wp-content\/uploads\/2022\/02\/muntatgesmapcable-1.jpg\" alt=\"muntatgesmapcable\" \/><\/figure><\/div><div class=\"swiper-slide\" role=\"group\" aria-roledescription=\"slide\" aria-label=\"6 de 6\"><figure class=\"swiper-slide-inner\"><img decoding=\"async\" class=\"swiper-slide-image\" src=\"https:\/\/mapcable.cat\/wp-content\/uploads\/2022\/02\/Mapcablepersones5.jpg\" alt=\"Mapcablepersones5\" \/><\/figure><\/div>\t\t\t<\/div>\n\t\t\t\t\t\t\t\n\t\t\t\t\t\t\t\t\t<\/div>\n\t\t\t\t\t\t<\/div>\n\t\t\t\t<\/div>\n\t\t\t\t\t<\/div>\n\t\t<\/div>\n\t\t\t\t\t<\/div>\n\t\t<\/section>\n\t\t\t\t<\/div>\n\t\t","protected":false},"excerpt":{"rendered":"<p>Tecnolog\u00eda MAPCABLE cuenta con nueva tecnolog\u00eda y un trabajo informatizado para todo el proceso de producci\u00f3n, almacenamiento y expedici\u00f3n. Nuestra maquinaria de \u00faltima generaci\u00f3n est\u00e1 capacitada para adaptarse a los cambios y los requisitos del mercado. Disponemos de herramientas tecnol\u00f3gicas que facilitan la adaptaci\u00f3n de las personas en su lugar de trabajo y producci\u00f3n.http:\/\/mapcable.cat\/wp-content\/uploads\/2022\/06\/mapcable-tecnologia-instal-lacions-esp.mp4 Impresi\u00f3n [&hellip;]<\/p>\n","protected":false},"author":1,"featured_media":0,"parent":0,"menu_order":0,"comment_status":"closed","ping_status":"closed","template":"","meta":{"_acf_changed":false,"footnotes":""},"class_list":["post-995","page","type-page","status-publish","hentry"],"acf":[],"_links":{"self":[{"href":"https:\/\/mapcable.cat\/es\/wp-json\/wp\/v2\/pages\/995","targetHints":{"allow":["GET"]}}],"collection":[{"href":"https:\/\/mapcable.cat\/es\/wp-json\/wp\/v2\/pages"}],"about":[{"href":"https:\/\/mapcable.cat\/es\/wp-json\/wp\/v2\/types\/page"}],"author":[{"embeddable":true,"href":"https:\/\/mapcable.cat\/es\/wp-json\/wp\/v2\/users\/1"}],"replies":[{"embeddable":true,"href":"https:\/\/mapcable.cat\/es\/wp-json\/wp\/v2\/comments?post=995"}],"version-history":[{"count":6,"href":"https:\/\/mapcable.cat\/es\/wp-json\/wp\/v2\/pages\/995\/revisions"}],"predecessor-version":[{"id":1127,"href":"https:\/\/mapcable.cat\/es\/wp-json\/wp\/v2\/pages\/995\/revisions\/1127"}],"wp:attachment":[{"href":"https:\/\/mapcable.cat\/es\/wp-json\/wp\/v2\/media?parent=995"}],"curies":[{"name":"wp","href":"https:\/\/api.w.org\/{rel}","templated":true}]}}