{"id":993,"date":"2022-01-10T18:42:59","date_gmt":"2022-01-10T17:42:59","guid":{"rendered":"http:\/\/mapcable.cat\/packagings-y-embolsados\/"},"modified":"2022-06-09T19:27:17","modified_gmt":"2022-06-09T17:27:17","slug":"packagings-y-embolsados","status":"publish","type":"page","link":"https:\/\/mapcable.cat\/es\/packagings-y-embolsados\/","title":{"rendered":"Packagings y embolsados"},"content":{"rendered":"\t\t<div data-elementor-type=\"wp-page\" data-elementor-id=\"993\" class=\"elementor elementor-993 elementor-355\" data-elementor-post-type=\"page\">\n\t\t\t\t\t\t<section class=\"elementor-section elementor-top-section elementor-element elementor-element-59f5f94 elementor-section-boxed elementor-section-height-default elementor-section-height-default\" data-id=\"59f5f94\" data-element_type=\"section\">\n\t\t\t\t\t\t<div class=\"elementor-container elementor-column-gap-no\">\n\t\t\t\t\t<div class=\"elementor-column elementor-col-50 elementor-top-column elementor-element elementor-element-2219c7a\" data-id=\"2219c7a\" data-element_type=\"column\">\n\t\t\t<div class=\"elementor-widget-wrap elementor-element-populated\">\n\t\t\t\t\t\t<div class=\"elementor-element elementor-element-df06612 elementor-widget elementor-widget-text-editor\" data-id=\"df06612\" data-element_type=\"widget\" data-widget_type=\"text-editor.default\">\n\t\t\t\t<div class=\"elementor-widget-container\">\n\t\t\t\t\t\t\t\t\tMAPCABLE destina parte de los recursos en embolsados y todo tipo de trabajo donde se requiere manipulaci\u00f3n manual.\t\t\t\t\t\t\t\t<\/div>\n\t\t\t\t<\/div>\n\t\t\t\t<div class=\"elementor-element elementor-element-591af8c elementor-widget elementor-widget-text-editor\" data-id=\"591af8c\" data-element_type=\"widget\" data-widget_type=\"text-editor.default\">\n\t\t\t\t<div class=\"elementor-widget-container\">\n\t\t\t\t\t\t\t\t\tPreparamos packs seg\u00fan las necesidades de nuestro cliente. Para los embolsados disponemos de dos m\u00e1quinas autom\u00e1ticas para realizar bolsas de dos componentes y de una m\u00e1quina con alimentaci\u00f3n manual para hacer bolsas sin limitaci\u00f3n de componentes.\r\n\r\nEn esta l\u00ednea, tambi\u00e9n se acogen trabajos de packaging manuales como son los envasados, etiquetados, empaquetados o montajes en los que no interviene ninguna m\u00e1quina herramienta.\r\n\r\nLa combinaci\u00f3n de m\u00e1quinas autom\u00e1ticas y medios manuales permite adaptar el trabajo a las capacidades de las personas.\t\t\t\t\t\t\t\t<\/div>\n\t\t\t\t<\/div>\n\t\t\t\t\t<\/div>\n\t\t<\/div>\n\t\t\t\t<div class=\"elementor-column elementor-col-50 elementor-top-column elementor-element elementor-element-a9bba04\" data-id=\"a9bba04\" data-element_type=\"column\">\n\t\t\t<div class=\"elementor-widget-wrap elementor-element-populated\">\n\t\t\t\t\t\t<div class=\"elementor-element elementor-element-2824085 elementor-widget elementor-widget-image\" data-id=\"2824085\" data-element_type=\"widget\" data-widget_type=\"image.default\">\n\t\t\t\t<div class=\"elementor-widget-container\">\n\t\t\t\t\t\t\t\t\t\t\t\t\t\t\t<img fetchpriority=\"high\" decoding=\"async\" width=\"900\" height=\"600\" src=\"https:\/\/mapcable.cat\/wp-content\/uploads\/2022\/03\/embossatsmap2.jpg\" class=\"attachment-large size-large wp-image-898\" alt=\"\" srcset=\"https:\/\/mapcable.cat\/wp-content\/uploads\/2022\/03\/embossatsmap2.jpg 900w, https:\/\/mapcable.cat\/wp-content\/uploads\/2022\/03\/embossatsmap2-300x200.jpg 300w, https:\/\/mapcable.cat\/wp-content\/uploads\/2022\/03\/embossatsmap2-768x512.jpg 768w\" sizes=\"(max-width: 900px) 100vw, 900px\" \/>\t\t\t\t\t\t\t\t\t\t\t\t\t\t\t<\/div>\n\t\t\t\t<\/div>\n\t\t\t\t\t<\/div>\n\t\t<\/div>\n\t\t\t\t\t<\/div>\n\t\t<\/section>\n\t\t\t\t<\/div>\n\t\t","protected":false},"excerpt":{"rendered":"<p>MAPCABLE destina parte de los recursos en embolsados y todo tipo de trabajo donde se requiere manipulaci\u00f3n manual.Preparamos packs seg\u00fan las necesidades de nuestro cliente. Para los embolsados disponemos de dos m\u00e1quinas autom\u00e1ticas para realizar bolsas de dos componentes y de una m\u00e1quina con alimentaci\u00f3n manual para hacer bolsas sin limitaci\u00f3n de componentes. En esta [&hellip;]<\/p>\n","protected":false},"author":1,"featured_media":0,"parent":0,"menu_order":0,"comment_status":"closed","ping_status":"closed","template":"","meta":{"_acf_changed":false,"footnotes":""},"class_list":["post-993","page","type-page","status-publish","hentry"],"acf":[],"_links":{"self":[{"href":"https:\/\/mapcable.cat\/es\/wp-json\/wp\/v2\/pages\/993","targetHints":{"allow":["GET"]}}],"collection":[{"href":"https:\/\/mapcable.cat\/es\/wp-json\/wp\/v2\/pages"}],"about":[{"href":"https:\/\/mapcable.cat\/es\/wp-json\/wp\/v2\/types\/page"}],"author":[{"embeddable":true,"href":"https:\/\/mapcable.cat\/es\/wp-json\/wp\/v2\/users\/1"}],"replies":[{"embeddable":true,"href":"https:\/\/mapcable.cat\/es\/wp-json\/wp\/v2\/comments?post=993"}],"version-history":[{"count":1,"href":"https:\/\/mapcable.cat\/es\/wp-json\/wp\/v2\/pages\/993\/revisions"}],"predecessor-version":[{"id":994,"href":"https:\/\/mapcable.cat\/es\/wp-json\/wp\/v2\/pages\/993\/revisions\/994"}],"wp:attachment":[{"href":"https:\/\/mapcable.cat\/es\/wp-json\/wp\/v2\/media?parent=993"}],"curies":[{"name":"wp","href":"https:\/\/api.w.org\/{rel}","templated":true}]}}