{"id":991,"date":"2022-01-10T18:40:38","date_gmt":"2022-01-10T17:40:38","guid":{"rendered":"http:\/\/mapcable.cat\/montajes-industriales\/"},"modified":"2022-06-09T19:26:29","modified_gmt":"2022-06-09T17:26:29","slug":"montajes-industriales","status":"publish","type":"page","link":"https:\/\/mapcable.cat\/es\/montajes-industriales\/","title":{"rendered":"Montajes industriales"},"content":{"rendered":"\t\t<div data-elementor-type=\"wp-page\" data-elementor-id=\"991\" class=\"elementor elementor-991 elementor-347\" data-elementor-post-type=\"page\">\n\t\t\t\t\t\t<section class=\"elementor-section elementor-top-section elementor-element elementor-element-5df54ea elementor-section-boxed elementor-section-height-default elementor-section-height-default\" data-id=\"5df54ea\" data-element_type=\"section\">\n\t\t\t\t\t\t<div class=\"elementor-container elementor-column-gap-no\">\n\t\t\t\t\t<div class=\"elementor-column elementor-col-50 elementor-top-column elementor-element elementor-element-4f0f8dc\" data-id=\"4f0f8dc\" data-element_type=\"column\">\n\t\t\t<div class=\"elementor-widget-wrap elementor-element-populated\">\n\t\t\t\t\t\t<div class=\"elementor-element elementor-element-d33c371 elementor-widget elementor-widget-text-editor\" data-id=\"d33c371\" data-element_type=\"widget\" data-widget_type=\"text-editor.default\">\n\t\t\t\t<div class=\"elementor-widget-container\">\n\t\t\t\t\t\t\t\t\tMAPCABLE dispone de una l\u00ednea especializada en montajes industriales. Disponemos de las herramientas y espacios necesarios para la manipulaci\u00f3n de procesos industriales.\t\t\t\t\t\t\t\t<\/div>\n\t\t\t\t<\/div>\n\t\t\t\t<div class=\"elementor-element elementor-element-04675d3 elementor-widget elementor-widget-text-editor\" data-id=\"04675d3\" data-element_type=\"widget\" data-widget_type=\"text-editor.default\">\n\t\t\t\t<div class=\"elementor-widget-container\">\n\t\t\t\t\t\t\t\t\tLa fortaleza de MAPCABLE es la disposici\u00f3n para ensamblar diferentes montajes el\u00e9ctricos: montajes de peque\u00f1o formato, montajes en cadena, mecanizaciones con pl\u00e1stico, roscado de piezas a m\u00e1quina y montajes de grandes dimensiones con el soporte del puente gr\u00faa y tablas de elevaci\u00f3n.\r\n\r\nSomos especialistas en trabajar procesos de subcontrataci\u00f3n. Estamos habituados a formar parte del \u201csupply chain\u201d de nuestros clientes gestionando las compras de todo o parte del producto a procesar y la adecuada gesti\u00f3n log\u00edstica. Disponemos de transporte propio para la recogida y entrega de material.\r\n\r\nNuestra capacidad de montajes junto con otras tecnolog\u00edas propias nos convierte en un proveedor con soluciones integrales.\t\t\t\t\t\t\t\t<\/div>\n\t\t\t\t<\/div>\n\t\t\t\t\t<\/div>\n\t\t<\/div>\n\t\t\t\t<div class=\"elementor-column elementor-col-50 elementor-top-column elementor-element elementor-element-8405be7\" data-id=\"8405be7\" data-element_type=\"column\">\n\t\t\t<div class=\"elementor-widget-wrap elementor-element-populated\">\n\t\t\t\t\t\t<div class=\"elementor-element elementor-element-4951f3d elementor-widget elementor-widget-image\" data-id=\"4951f3d\" data-element_type=\"widget\" data-widget_type=\"image.default\">\n\t\t\t\t<div class=\"elementor-widget-container\">\n\t\t\t\t\t\t\t\t\t\t\t\t\t\t\t<img fetchpriority=\"high\" decoding=\"async\" width=\"1000\" height=\"614\" src=\"https:\/\/mapcable.cat\/wp-content\/uploads\/2022\/02\/muntatgesmapcable2.jpg\" class=\"attachment-large size-large wp-image-848\" alt=\"\" srcset=\"https:\/\/mapcable.cat\/wp-content\/uploads\/2022\/02\/muntatgesmapcable2.jpg 1000w, https:\/\/mapcable.cat\/wp-content\/uploads\/2022\/02\/muntatgesmapcable2-300x184.jpg 300w, https:\/\/mapcable.cat\/wp-content\/uploads\/2022\/02\/muntatgesmapcable2-768x472.jpg 768w\" sizes=\"(max-width: 1000px) 100vw, 1000px\" \/>\t\t\t\t\t\t\t\t\t\t\t\t\t\t\t<\/div>\n\t\t\t\t<\/div>\n\t\t\t\t\t<\/div>\n\t\t<\/div>\n\t\t\t\t\t<\/div>\n\t\t<\/section>\n\t\t\t\t<\/div>\n\t\t","protected":false},"excerpt":{"rendered":"<p>MAPCABLE dispone de una l\u00ednea especializada en montajes industriales. Disponemos de las herramientas y espacios necesarios para la manipulaci\u00f3n de procesos industriales.La fortaleza de MAPCABLE es la disposici\u00f3n para ensamblar diferentes montajes el\u00e9ctricos: montajes de peque\u00f1o formato, montajes en cadena, mecanizaciones con pl\u00e1stico, roscado de piezas a m\u00e1quina y montajes de grandes dimensiones con el [&hellip;]<\/p>\n","protected":false},"author":1,"featured_media":0,"parent":0,"menu_order":0,"comment_status":"closed","ping_status":"closed","template":"","meta":{"_acf_changed":false,"footnotes":""},"class_list":["post-991","page","type-page","status-publish","hentry"],"acf":[],"_links":{"self":[{"href":"https:\/\/mapcable.cat\/es\/wp-json\/wp\/v2\/pages\/991","targetHints":{"allow":["GET"]}}],"collection":[{"href":"https:\/\/mapcable.cat\/es\/wp-json\/wp\/v2\/pages"}],"about":[{"href":"https:\/\/mapcable.cat\/es\/wp-json\/wp\/v2\/types\/page"}],"author":[{"embeddable":true,"href":"https:\/\/mapcable.cat\/es\/wp-json\/wp\/v2\/users\/1"}],"replies":[{"embeddable":true,"href":"https:\/\/mapcable.cat\/es\/wp-json\/wp\/v2\/comments?post=991"}],"version-history":[{"count":1,"href":"https:\/\/mapcable.cat\/es\/wp-json\/wp\/v2\/pages\/991\/revisions"}],"predecessor-version":[{"id":992,"href":"https:\/\/mapcable.cat\/es\/wp-json\/wp\/v2\/pages\/991\/revisions\/992"}],"wp:attachment":[{"href":"https:\/\/mapcable.cat\/es\/wp-json\/wp\/v2\/media?parent=991"}],"curies":[{"name":"wp","href":"https:\/\/api.w.org\/{rel}","templated":true}]}}