{"id":989,"date":"2021-12-31T10:42:28","date_gmt":"2021-12-31T09:42:28","guid":{"rendered":"http:\/\/mapcable.cat\/cableados-electricos\/"},"modified":"2022-06-17T17:22:32","modified_gmt":"2022-06-17T15:22:32","slug":"cableados-electricos","status":"publish","type":"page","link":"https:\/\/mapcable.cat\/es\/cableados-electricos\/","title":{"rendered":"Cableados el\u00e9ctricos"},"content":{"rendered":"\t\t<div data-elementor-type=\"wp-page\" data-elementor-id=\"989\" class=\"elementor elementor-989 elementor-31\" data-elementor-post-type=\"page\">\n\t\t\t\t\t\t<section class=\"elementor-section elementor-top-section elementor-element elementor-element-8fbf37a elementor-section-boxed elementor-section-height-default elementor-section-height-default\" data-id=\"8fbf37a\" data-element_type=\"section\">\n\t\t\t\t\t\t<div class=\"elementor-container elementor-column-gap-no\">\n\t\t\t\t\t<div class=\"elementor-column elementor-col-50 elementor-top-column elementor-element elementor-element-722c692\" data-id=\"722c692\" data-element_type=\"column\">\n\t\t\t<div class=\"elementor-widget-wrap elementor-element-populated\">\n\t\t\t\t\t\t<div class=\"elementor-element elementor-element-fed4538 elementor-widget elementor-widget-text-editor\" data-id=\"fed4538\" data-element_type=\"widget\" data-widget_type=\"text-editor.default\">\n\t\t\t\t<div class=\"elementor-widget-container\">\n\t\t\t\t\t\t\t\t\tLa secci\u00f3n m\u00e1s especializada de MAPCABLE es la de cableados el\u00e9ctricos. Nuestro equipamiento est\u00e1 listo para procesar todo tipo de cable el\u00e9ctrico.\t\t\t\t\t\t\t\t<\/div>\n\t\t\t\t<\/div>\n\t\t\t\t<div class=\"elementor-element elementor-element-5ac3cee elementor-widget elementor-widget-text-editor\" data-id=\"5ac3cee\" data-element_type=\"widget\" data-widget_type=\"text-editor.default\">\n\t\t\t\t<div class=\"elementor-widget-container\">\n\t\t\t\t\t\t\t\t\tOfrecemos soluciones de cableados adaptadas a las necesidades de nuestros clientes. Personalizaci\u00f3n al 100%.\r\n\r\nLos medios productivos y de control disponibles en nuestras instalaciones son de \u00faltima generaci\u00f3n, garantizan la calidad de nuestras fabricaciones y est\u00e1n monitorizados por un software que permite un control permanente de la trazabilidad de las referencias fabricadas.\r\n\r\nLos a\u00f1os de experiencia y nuestros conocimientos nos avalan dentro del sector, por eso en cada proyecto buscamos siempre la mejor opci\u00f3n para nuestros clientes.\t\t\t\t\t\t\t\t<\/div>\n\t\t\t\t<\/div>\n\t\t\t\t\t<\/div>\n\t\t<\/div>\n\t\t\t\t<div class=\"elementor-column elementor-col-50 elementor-top-column elementor-element elementor-element-2ab7e9a\" data-id=\"2ab7e9a\" data-element_type=\"column\">\n\t\t\t<div class=\"elementor-widget-wrap elementor-element-populated\">\n\t\t\t\t\t\t<div class=\"elementor-element elementor-element-0012811 elementor-widget elementor-widget-image\" data-id=\"0012811\" data-element_type=\"widget\" data-widget_type=\"image.default\">\n\t\t\t\t<div class=\"elementor-widget-container\">\n\t\t\t\t\t\t\t\t\t\t\t\t\t\t\t<img fetchpriority=\"high\" decoding=\"async\" width=\"1000\" height=\"667\" src=\"https:\/\/mapcable.cat\/wp-content\/uploads\/2022\/02\/cablejatsmapacable1.jpg\" class=\"attachment-large size-large wp-image-852\" alt=\"\" srcset=\"https:\/\/mapcable.cat\/wp-content\/uploads\/2022\/02\/cablejatsmapacable1.jpg 1000w, https:\/\/mapcable.cat\/wp-content\/uploads\/2022\/02\/cablejatsmapacable1-300x200.jpg 300w, https:\/\/mapcable.cat\/wp-content\/uploads\/2022\/02\/cablejatsmapacable1-768x512.jpg 768w\" sizes=\"(max-width: 1000px) 100vw, 1000px\" \/>\t\t\t\t\t\t\t\t\t\t\t\t\t\t\t<\/div>\n\t\t\t\t<\/div>\n\t\t\t\t\t<\/div>\n\t\t<\/div>\n\t\t\t\t\t<\/div>\n\t\t<\/section>\n\t\t\t\t<section class=\"elementor-section elementor-top-section elementor-element elementor-element-be18971 elementor-section-boxed elementor-section-height-default elementor-section-height-default\" data-id=\"be18971\" data-element_type=\"section\">\n\t\t\t\t\t\t<div class=\"elementor-container elementor-column-gap-default\">\n\t\t\t\t\t<div class=\"elementor-column elementor-col-100 elementor-top-column elementor-element elementor-element-581f838\" data-id=\"581f838\" data-element_type=\"column\">\n\t\t\t<div class=\"elementor-widget-wrap elementor-element-populated\">\n\t\t\t\t\t\t<div class=\"elementor-element elementor-element-6449506 elementor-widget elementor-widget-video\" data-id=\"6449506\" data-element_type=\"widget\" data-settings=\"{&quot;video_type&quot;:&quot;hosted&quot;,&quot;autoplay&quot;:&quot;yes&quot;,&quot;play_on_mobile&quot;:&quot;yes&quot;,&quot;loop&quot;:&quot;yes&quot;,&quot;controls&quot;:&quot;yes&quot;}\" data-widget_type=\"video.default\">\n\t\t\t\t<div class=\"elementor-widget-container\">\n\t\t\t\t\t\t\t<div class=\"e-hosted-video elementor-wrapper elementor-open-inline\">\n\t\t\t\t\t<video class=\"elementor-video\" src=\"http:\/\/mapcable.cat\/wp-content\/uploads\/2022\/06\/mapcable-cablejats-electrics.mp4\" autoplay=\"\" loop=\"\" controls=\"\" playsinline=\"\" controlsList=\"nodownload\"><\/video>\n\t\t\t\t<\/div>\n\t\t\t\t\t\t<\/div>\n\t\t\t\t<\/div>\n\t\t\t\t\t<\/div>\n\t\t<\/div>\n\t\t\t\t\t<\/div>\n\t\t<\/section>\n\t\t\t\t<section class=\"elementor-section elementor-top-section elementor-element elementor-element-2eb16df elementor-section-boxed elementor-section-height-default elementor-section-height-default\" data-id=\"2eb16df\" data-element_type=\"section\">\n\t\t\t\t\t\t<div class=\"elementor-container elementor-column-gap-no\">\n\t\t\t\t\t<div class=\"elementor-column elementor-col-50 elementor-top-column elementor-element elementor-element-9ac3aaa\" data-id=\"9ac3aaa\" data-element_type=\"column\">\n\t\t\t<div class=\"elementor-widget-wrap elementor-element-populated\">\n\t\t\t\t\t\t<div class=\"elementor-element elementor-element-552eaa2 elementor-widget elementor-widget-text-editor\" data-id=\"552eaa2\" data-element_type=\"widget\" data-widget_type=\"text-editor.default\">\n\t\t\t\t<div class=\"elementor-widget-container\">\n\t\t\t\t\t\t\t\t\tProcesos de manipulaci\u00f3n de los cableados el\u00e9ctricos\t\t\t\t\t\t\t\t<\/div>\n\t\t\t\t<\/div>\n\t\t\t\t\t<\/div>\n\t\t<\/div>\n\t\t\t\t<div class=\"elementor-column elementor-col-50 elementor-top-column elementor-element elementor-element-7f62ddd\" data-id=\"7f62ddd\" data-element_type=\"column\">\n\t\t\t<div class=\"elementor-widget-wrap elementor-element-populated\">\n\t\t\t\t\t\t<section class=\"elementor-section elementor-inner-section elementor-element elementor-element-ac5a265 elementor-section-boxed elementor-section-height-default elementor-section-height-default\" data-id=\"ac5a265\" data-element_type=\"section\">\n\t\t\t\t\t\t<div class=\"elementor-container elementor-column-gap-default\">\n\t\t\t\t\t<div class=\"elementor-column elementor-col-33 elementor-inner-column elementor-element elementor-element-05c3483\" data-id=\"05c3483\" data-element_type=\"column\">\n\t\t\t<div class=\"elementor-widget-wrap elementor-element-populated\">\n\t\t\t\t\t\t<div class=\"elementor-element elementor-element-a6819f6 elementor-widget elementor-widget-image\" data-id=\"a6819f6\" data-element_type=\"widget\" data-widget_type=\"image.default\">\n\t\t\t\t<div class=\"elementor-widget-container\">\n\t\t\t\t\t\t\t\t\t\t\t\t\t\t\t<img decoding=\"async\" width=\"900\" height=\"607\" src=\"https:\/\/mapcable.cat\/wp-content\/uploads\/2022\/03\/tallmapcable.jpg\" class=\"attachment-large size-large wp-image-872\" alt=\"\" srcset=\"https:\/\/mapcable.cat\/wp-content\/uploads\/2022\/03\/tallmapcable.jpg 900w, https:\/\/mapcable.cat\/wp-content\/uploads\/2022\/03\/tallmapcable-300x202.jpg 300w, https:\/\/mapcable.cat\/wp-content\/uploads\/2022\/03\/tallmapcable-768x518.jpg 768w\" sizes=\"(max-width: 900px) 100vw, 900px\" \/>\t\t\t\t\t\t\t\t\t\t\t\t\t\t\t<\/div>\n\t\t\t\t<\/div>\n\t\t\t\t<div class=\"elementor-element elementor-element-a5de72d elementor-widget elementor-widget-heading\" data-id=\"a5de72d\" data-element_type=\"widget\" data-widget_type=\"heading.default\">\n\t\t\t\t<div class=\"elementor-widget-container\">\n\t\t\t\t\t<h3 class=\"elementor-heading-title elementor-size-default\">El corte<\/h3>\t\t\t\t<\/div>\n\t\t\t\t<\/div>\n\t\t\t\t\t<\/div>\n\t\t<\/div>\n\t\t\t\t<div class=\"elementor-column elementor-col-33 elementor-inner-column elementor-element elementor-element-de4df8d\" data-id=\"de4df8d\" data-element_type=\"column\">\n\t\t\t<div class=\"elementor-widget-wrap elementor-element-populated\">\n\t\t\t\t\t\t<div class=\"elementor-element elementor-element-d461aa9 elementor-widget elementor-widget-image\" data-id=\"d461aa9\" data-element_type=\"widget\" data-widget_type=\"image.default\">\n\t\t\t\t<div class=\"elementor-widget-container\">\n\t\t\t\t\t\t\t\t\t\t\t\t\t\t\t<img decoding=\"async\" width=\"900\" height=\"600\" src=\"https:\/\/mapcable.cat\/wp-content\/uploads\/2022\/03\/cablesmapcable.jpg\" class=\"attachment-large size-large wp-image-882\" alt=\"\" srcset=\"https:\/\/mapcable.cat\/wp-content\/uploads\/2022\/03\/cablesmapcable.jpg 900w, https:\/\/mapcable.cat\/wp-content\/uploads\/2022\/03\/cablesmapcable-300x200.jpg 300w, https:\/\/mapcable.cat\/wp-content\/uploads\/2022\/03\/cablesmapcable-768x512.jpg 768w\" sizes=\"(max-width: 900px) 100vw, 900px\" \/>\t\t\t\t\t\t\t\t\t\t\t\t\t\t\t<\/div>\n\t\t\t\t<\/div>\n\t\t\t\t<div class=\"elementor-element elementor-element-1faa5db elementor-widget elementor-widget-heading\" data-id=\"1faa5db\" data-element_type=\"widget\" data-widget_type=\"heading.default\">\n\t\t\t\t<div class=\"elementor-widget-container\">\n\t\t\t\t\t<h3 class=\"elementor-heading-title elementor-size-default\">Los desforrados<\/h3>\t\t\t\t<\/div>\n\t\t\t\t<\/div>\n\t\t\t\t\t<\/div>\n\t\t<\/div>\n\t\t\t\t<div class=\"elementor-column elementor-col-33 elementor-inner-column elementor-element elementor-element-b534180\" data-id=\"b534180\" data-element_type=\"column\">\n\t\t\t<div class=\"elementor-widget-wrap elementor-element-populated\">\n\t\t\t\t\t\t<div class=\"elementor-element elementor-element-ef94c20 elementor-widget elementor-widget-image\" data-id=\"ef94c20\" data-element_type=\"widget\" data-widget_type=\"image.default\">\n\t\t\t\t<div class=\"elementor-widget-container\">\n\t\t\t\t\t\t\t\t\t\t\t\t\t\t\t<img loading=\"lazy\" decoding=\"async\" width=\"700\" height=\"467\" src=\"https:\/\/mapcable.cat\/wp-content\/uploads\/2022\/03\/estanyats3-mapcable.jpg\" class=\"attachment-large size-large wp-image-886\" alt=\"\" srcset=\"https:\/\/mapcable.cat\/wp-content\/uploads\/2022\/03\/estanyats3-mapcable.jpg 700w, https:\/\/mapcable.cat\/wp-content\/uploads\/2022\/03\/estanyats3-mapcable-300x200.jpg 300w\" sizes=\"(max-width: 700px) 100vw, 700px\" \/>\t\t\t\t\t\t\t\t\t\t\t\t\t\t\t<\/div>\n\t\t\t\t<\/div>\n\t\t\t\t<div class=\"elementor-element elementor-element-0d62118 elementor-widget elementor-widget-heading\" data-id=\"0d62118\" data-element_type=\"widget\" data-widget_type=\"heading.default\">\n\t\t\t\t<div class=\"elementor-widget-container\">\n\t\t\t\t\t<h3 class=\"elementor-heading-title elementor-size-default\">Los estanques<\/h3>\t\t\t\t<\/div>\n\t\t\t\t<\/div>\n\t\t\t\t\t<\/div>\n\t\t<\/div>\n\t\t\t\t\t<\/div>\n\t\t<\/section>\n\t\t\t\t<section class=\"elementor-section elementor-inner-section elementor-element elementor-element-d70d87f elementor-section-boxed elementor-section-height-default elementor-section-height-default\" data-id=\"d70d87f\" data-element_type=\"section\">\n\t\t\t\t\t\t<div class=\"elementor-container elementor-column-gap-default\">\n\t\t\t\t\t<div class=\"elementor-column elementor-col-33 elementor-inner-column elementor-element elementor-element-a7537e0\" data-id=\"a7537e0\" data-element_type=\"column\">\n\t\t\t<div class=\"elementor-widget-wrap elementor-element-populated\">\n\t\t\t\t\t\t<div class=\"elementor-element elementor-element-91215e5 elementor-widget elementor-widget-image\" data-id=\"91215e5\" data-element_type=\"widget\" data-widget_type=\"image.default\">\n\t\t\t\t<div class=\"elementor-widget-container\">\n\t\t\t\t\t\t\t\t\t\t\t\t\t\t\t<img loading=\"lazy\" decoding=\"async\" width=\"900\" height=\"600\" src=\"https:\/\/mapcable.cat\/wp-content\/uploads\/2022\/03\/MAPCABLE_CABle.jpg\" class=\"attachment-large size-large wp-image-884\" alt=\"\" srcset=\"https:\/\/mapcable.cat\/wp-content\/uploads\/2022\/03\/MAPCABLE_CABle.jpg 900w, https:\/\/mapcable.cat\/wp-content\/uploads\/2022\/03\/MAPCABLE_CABle-300x200.jpg 300w, https:\/\/mapcable.cat\/wp-content\/uploads\/2022\/03\/MAPCABLE_CABle-768x512.jpg 768w\" sizes=\"(max-width: 900px) 100vw, 900px\" \/>\t\t\t\t\t\t\t\t\t\t\t\t\t\t\t<\/div>\n\t\t\t\t<\/div>\n\t\t\t\t<div class=\"elementor-element elementor-element-389ef51 elementor-widget elementor-widget-heading\" data-id=\"389ef51\" data-element_type=\"widget\" data-widget_type=\"heading.default\">\n\t\t\t\t<div class=\"elementor-widget-container\">\n\t\t\t\t\t<h3 class=\"elementor-heading-title elementor-size-default\">Los empotrados de terminales<\/h3>\t\t\t\t<\/div>\n\t\t\t\t<\/div>\n\t\t\t\t\t<\/div>\n\t\t<\/div>\n\t\t\t\t<div class=\"elementor-column elementor-col-33 elementor-inner-column elementor-element elementor-element-f51c19e\" data-id=\"f51c19e\" data-element_type=\"column\">\n\t\t\t<div class=\"elementor-widget-wrap elementor-element-populated\">\n\t\t\t\t\t\t<div class=\"elementor-element elementor-element-4cb73cd elementor-widget elementor-widget-image\" data-id=\"4cb73cd\" data-element_type=\"widget\" data-widget_type=\"image.default\">\n\t\t\t\t<div class=\"elementor-widget-container\">\n\t\t\t\t\t\t\t\t\t\t\t\t\t\t\t<img loading=\"lazy\" decoding=\"async\" width=\"900\" height=\"600\" src=\"https:\/\/mapcable.cat\/wp-content\/uploads\/2022\/03\/conectorsmapcable2.jpg\" class=\"attachment-large size-large wp-image-878\" alt=\"\" srcset=\"https:\/\/mapcable.cat\/wp-content\/uploads\/2022\/03\/conectorsmapcable2.jpg 900w, https:\/\/mapcable.cat\/wp-content\/uploads\/2022\/03\/conectorsmapcable2-300x200.jpg 300w, https:\/\/mapcable.cat\/wp-content\/uploads\/2022\/03\/conectorsmapcable2-768x512.jpg 768w\" sizes=\"(max-width: 900px) 100vw, 900px\" \/>\t\t\t\t\t\t\t\t\t\t\t\t\t\t\t<\/div>\n\t\t\t\t<\/div>\n\t\t\t\t<div class=\"elementor-element elementor-element-e88541e elementor-widget elementor-widget-heading\" data-id=\"e88541e\" data-element_type=\"widget\" data-widget_type=\"heading.default\">\n\t\t\t\t<div class=\"elementor-widget-container\">\n\t\t\t\t\t<h3 class=\"elementor-heading-title elementor-size-default\">Los montajes de conectores<\/h3>\t\t\t\t<\/div>\n\t\t\t\t<\/div>\n\t\t\t\t\t<\/div>\n\t\t<\/div>\n\t\t\t\t<div class=\"elementor-column elementor-col-33 elementor-inner-column elementor-element elementor-element-4a8cd43\" data-id=\"4a8cd43\" data-element_type=\"column\">\n\t\t\t<div class=\"elementor-widget-wrap elementor-element-populated\">\n\t\t\t\t\t\t<div class=\"elementor-element elementor-element-b71dfb2 elementor-widget elementor-widget-image\" data-id=\"b71dfb2\" data-element_type=\"widget\" data-widget_type=\"image.default\">\n\t\t\t\t<div class=\"elementor-widget-container\">\n\t\t\t\t\t\t\t\t\t\t\t\t\t\t\t<img loading=\"lazy\" decoding=\"async\" width=\"900\" height=\"598\" src=\"https:\/\/mapcable.cat\/wp-content\/uploads\/2022\/03\/muntatgeamidamapcable.jpg\" class=\"attachment-large size-large wp-image-876\" alt=\"\" srcset=\"https:\/\/mapcable.cat\/wp-content\/uploads\/2022\/03\/muntatgeamidamapcable.jpg 900w, https:\/\/mapcable.cat\/wp-content\/uploads\/2022\/03\/muntatgeamidamapcable-300x199.jpg 300w, https:\/\/mapcable.cat\/wp-content\/uploads\/2022\/03\/muntatgeamidamapcable-768x510.jpg 768w\" sizes=\"(max-width: 900px) 100vw, 900px\" \/>\t\t\t\t\t\t\t\t\t\t\t\t\t\t\t<\/div>\n\t\t\t\t<\/div>\n\t\t\t\t<div class=\"elementor-element elementor-element-a74dd5a elementor-widget elementor-widget-heading\" data-id=\"a74dd5a\" data-element_type=\"widget\" data-widget_type=\"heading.default\">\n\t\t\t\t<div class=\"elementor-widget-container\">\n\t\t\t\t\t<h3 class=\"elementor-heading-title elementor-size-default\">Los montajes a medida de diferentes cables<\/h3>\t\t\t\t<\/div>\n\t\t\t\t<\/div>\n\t\t\t\t\t<\/div>\n\t\t<\/div>\n\t\t\t\t\t<\/div>\n\t\t<\/section>\n\t\t\t\t\t<\/div>\n\t\t<\/div>\n\t\t\t\t\t<\/div>\n\t\t<\/section>\n\t\t\t\t<\/div>\n\t\t","protected":false},"excerpt":{"rendered":"<p>La secci\u00f3n m\u00e1s especializada de MAPCABLE es la de cableados el\u00e9ctricos. Nuestro equipamiento est\u00e1 listo para procesar todo tipo de cable el\u00e9ctrico.Ofrecemos soluciones de cableados adaptadas a las necesidades de nuestros clientes. Personalizaci\u00f3n al 100%. Los medios productivos y de control disponibles en nuestras instalaciones son de \u00faltima generaci\u00f3n, garantizan la calidad de nuestras fabricaciones [&hellip;]<\/p>\n","protected":false},"author":1,"featured_media":0,"parent":0,"menu_order":0,"comment_status":"closed","ping_status":"closed","template":"","meta":{"_acf_changed":false,"footnotes":""},"class_list":["post-989","page","type-page","status-publish","hentry"],"acf":[],"_links":{"self":[{"href":"https:\/\/mapcable.cat\/es\/wp-json\/wp\/v2\/pages\/989","targetHints":{"allow":["GET"]}}],"collection":[{"href":"https:\/\/mapcable.cat\/es\/wp-json\/wp\/v2\/pages"}],"about":[{"href":"https:\/\/mapcable.cat\/es\/wp-json\/wp\/v2\/types\/page"}],"author":[{"embeddable":true,"href":"https:\/\/mapcable.cat\/es\/wp-json\/wp\/v2\/users\/1"}],"replies":[{"embeddable":true,"href":"https:\/\/mapcable.cat\/es\/wp-json\/wp\/v2\/comments?post=989"}],"version-history":[{"count":2,"href":"https:\/\/mapcable.cat\/es\/wp-json\/wp\/v2\/pages\/989\/revisions"}],"predecessor-version":[{"id":1089,"href":"https:\/\/mapcable.cat\/es\/wp-json\/wp\/v2\/pages\/989\/revisions\/1089"}],"wp:attachment":[{"href":"https:\/\/mapcable.cat\/es\/wp-json\/wp\/v2\/media?parent=989"}],"curies":[{"name":"wp","href":"https:\/\/api.w.org\/{rel}","templated":true}]}}