{"id":987,"date":"2021-12-31T10:42:16","date_gmt":"2021-12-31T09:42:16","guid":{"rendered":"http:\/\/mapcable.cat\/sobre-nosotros\/"},"modified":"2022-06-29T09:41:21","modified_gmt":"2022-06-29T07:41:21","slug":"sobre-nosotros","status":"publish","type":"page","link":"https:\/\/mapcable.cat\/es\/sobre-nosotros\/","title":{"rendered":"Sobre nosotros"},"content":{"rendered":"\t\t<div data-elementor-type=\"wp-page\" data-elementor-id=\"987\" class=\"elementor elementor-987 elementor-29\" data-elementor-post-type=\"page\">\n\t\t\t\t\t\t<section class=\"elementor-section elementor-top-section elementor-element elementor-element-e79cd24 elementor-section-boxed elementor-section-height-default elementor-section-height-default\" data-id=\"e79cd24\" data-element_type=\"section\">\n\t\t\t\t\t\t<div class=\"elementor-container elementor-column-gap-no\">\n\t\t\t\t\t<div class=\"elementor-column elementor-col-50 elementor-top-column elementor-element elementor-element-1bb331d\" data-id=\"1bb331d\" data-element_type=\"column\">\n\t\t\t<div class=\"elementor-widget-wrap elementor-element-populated\">\n\t\t\t\t\t\t<div class=\"elementor-element elementor-element-9f41398 elementor-widget elementor-widget-text-editor\" data-id=\"9f41398\" data-element_type=\"widget\" data-widget_type=\"text-editor.default\">\n\t\t\t\t<div class=\"elementor-widget-container\">\n\t\t\t\t\t\t\t\t\tMAPCABLE forma parte de la secci\u00f3n industrial del Centro Especial de Empleo de la Fundaci\u00f3n MAP (CETMAP). El objetivo final de las actividades del CETMAP es dar respuesta a la necesidad de trabajo, la inserci\u00f3n socio laboral de las personas y el v\u00ednculo con el territorio.\t\t\t\t\t\t\t\t<\/div>\n\t\t\t\t<\/div>\n\t\t\t\t\t<\/div>\n\t\t<\/div>\n\t\t\t\t<div class=\"elementor-column elementor-col-50 elementor-top-column elementor-element elementor-element-f5bdba1\" data-id=\"f5bdba1\" data-element_type=\"column\">\n\t\t\t<div class=\"elementor-widget-wrap elementor-element-populated\">\n\t\t\t\t\t\t<div class=\"elementor-element elementor-element-1946f78 elementor-widget elementor-widget-text-editor\" data-id=\"1946f78\" data-element_type=\"widget\" data-widget_type=\"text-editor.default\">\n\t\t\t\t<div class=\"elementor-widget-container\">\n\t\t\t\t\t\t\t\t\tLa Fundaci\u00f3 MAP es una entidad sin \u00e1nimo de lucro que trabaja desde 1968 para ofrecer los apoyos necesarios para que las personas con discapacidad y riesgo de exclusi\u00f3n social del Ripoll\u00e8s puedan mejorar su calidad de vida. Con sus servicios acompa\u00f1a a la persona a lo largo de su vida: atenci\u00f3n a la infancia y a la adolescencia, servicios diurnos, residenciales y laborales.\r\n\r\nCon m\u00e1s de 30 a\u00f1os de experiencia, la secci\u00f3n de MAPCABLE representa uno de los motores econ\u00f3micos\u00a0del CETMAP gracias a la apuesta por convertirnos en una empresa de econom\u00eda social innovadora. La utilizaci\u00f3n de maquinaria de \u00faltima tecnolog\u00eda y un trabajo informatizado de todo el proceso productivo nos permite desarrollar diferentes tipos de proyectos relacionados con los cableados el\u00e9ctricos, montajes industriales, embolsados y packagings adapt\u00e1ndonos a nuestros clientes.\t\t\t\t\t\t\t\t<\/div>\n\t\t\t\t<\/div>\n\t\t\t\t\t<\/div>\n\t\t<\/div>\n\t\t\t\t\t<\/div>\n\t\t<\/section>\n\t\t\t\t<section class=\"elementor-section elementor-top-section elementor-element elementor-element-bc15165 elementor-section-full_width elementor-section-stretched elementor-section-height-default elementor-section-height-default\" data-id=\"bc15165\" data-element_type=\"section\" data-settings=\"{&quot;stretch_section&quot;:&quot;section-stretched&quot;}\">\n\t\t\t\t\t\t<div class=\"elementor-container elementor-column-gap-no\">\n\t\t\t\t\t<div class=\"elementor-column elementor-col-33 elementor-top-column elementor-element elementor-element-dfacb09\" data-id=\"dfacb09\" data-element_type=\"column\">\n\t\t\t<div class=\"elementor-widget-wrap elementor-element-populated\">\n\t\t\t\t\t\t<div class=\"elementor-element elementor-element-d260b6f elementor-widget elementor-widget-image\" data-id=\"d260b6f\" data-element_type=\"widget\" data-widget_type=\"image.default\">\n\t\t\t\t<div class=\"elementor-widget-container\">\n\t\t\t\t\t\t\t\t\t\t\t\t\t\t\t<img fetchpriority=\"high\" decoding=\"async\" width=\"900\" height=\"600\" src=\"https:\/\/mapcable.cat\/wp-content\/uploads\/2022\/03\/jordimapcable.jpg\" class=\"attachment-large size-large wp-image-866\" alt=\"\" srcset=\"https:\/\/mapcable.cat\/wp-content\/uploads\/2022\/03\/jordimapcable.jpg 900w, https:\/\/mapcable.cat\/wp-content\/uploads\/2022\/03\/jordimapcable-300x200.jpg 300w, https:\/\/mapcable.cat\/wp-content\/uploads\/2022\/03\/jordimapcable-768x512.jpg 768w\" sizes=\"(max-width: 900px) 100vw, 900px\" \/>\t\t\t\t\t\t\t\t\t\t\t\t\t\t\t<\/div>\n\t\t\t\t<\/div>\n\t\t\t\t\t<\/div>\n\t\t<\/div>\n\t\t\t\t<div class=\"elementor-column elementor-col-33 elementor-top-column elementor-element elementor-element-e9cf03b\" data-id=\"e9cf03b\" data-element_type=\"column\">\n\t\t\t<div class=\"elementor-widget-wrap elementor-element-populated\">\n\t\t\t\t\t\t<div class=\"elementor-element elementor-element-e3452ff elementor-widget elementor-widget-image\" data-id=\"e3452ff\" data-element_type=\"widget\" data-widget_type=\"image.default\">\n\t\t\t\t<div class=\"elementor-widget-container\">\n\t\t\t\t\t\t\t\t\t\t\t\t\t\t\t<img decoding=\"async\" width=\"900\" height=\"600\" src=\"https:\/\/mapcable.cat\/wp-content\/uploads\/2022\/02\/Mapcablepersones5.jpg\" class=\"attachment-large size-large wp-image-832\" alt=\"\" srcset=\"https:\/\/mapcable.cat\/wp-content\/uploads\/2022\/02\/Mapcablepersones5.jpg 900w, https:\/\/mapcable.cat\/wp-content\/uploads\/2022\/02\/Mapcablepersones5-300x200.jpg 300w, https:\/\/mapcable.cat\/wp-content\/uploads\/2022\/02\/Mapcablepersones5-768x512.jpg 768w\" sizes=\"(max-width: 900px) 100vw, 900px\" \/>\t\t\t\t\t\t\t\t\t\t\t\t\t\t\t<\/div>\n\t\t\t\t<\/div>\n\t\t\t\t\t<\/div>\n\t\t<\/div>\n\t\t\t\t<div class=\"elementor-column elementor-col-33 elementor-top-column elementor-element elementor-element-bfcddb2\" data-id=\"bfcddb2\" data-element_type=\"column\">\n\t\t\t<div class=\"elementor-widget-wrap elementor-element-populated\">\n\t\t\t\t\t\t<div class=\"elementor-element elementor-element-65b4e47 elementor-widget elementor-widget-image\" data-id=\"65b4e47\" data-element_type=\"widget\" data-widget_type=\"image.default\">\n\t\t\t\t<div class=\"elementor-widget-container\">\n\t\t\t\t\t\t\t\t\t\t\t\t\t\t\t<img decoding=\"async\" width=\"899\" height=\"600\" src=\"https:\/\/mapcable.cat\/wp-content\/uploads\/2022\/02\/Mapcablepersones3.jpg\" class=\"attachment-large size-large wp-image-828\" alt=\"\" srcset=\"https:\/\/mapcable.cat\/wp-content\/uploads\/2022\/02\/Mapcablepersones3.jpg 899w, https:\/\/mapcable.cat\/wp-content\/uploads\/2022\/02\/Mapcablepersones3-300x200.jpg 300w, https:\/\/mapcable.cat\/wp-content\/uploads\/2022\/02\/Mapcablepersones3-768x513.jpg 768w\" sizes=\"(max-width: 899px) 100vw, 899px\" \/>\t\t\t\t\t\t\t\t\t\t\t\t\t\t\t<\/div>\n\t\t\t\t<\/div>\n\t\t\t\t\t<\/div>\n\t\t<\/div>\n\t\t\t\t\t<\/div>\n\t\t<\/section>\n\t\t\t\t<section class=\"elementor-section elementor-top-section elementor-element elementor-element-2d4c90d elementor-section-boxed elementor-section-height-default elementor-section-height-default\" data-id=\"2d4c90d\" data-element_type=\"section\">\n\t\t\t\t\t\t<div class=\"elementor-container elementor-column-gap-default\">\n\t\t\t\t\t<div class=\"elementor-column elementor-col-25 elementor-top-column elementor-element elementor-element-f056ea8\" data-id=\"f056ea8\" data-element_type=\"column\" data-settings=\"{&quot;background_background&quot;:&quot;classic&quot;}\">\n\t\t\t<div class=\"elementor-widget-wrap elementor-element-populated\">\n\t\t\t\t\t\t<div class=\"elementor-element elementor-element-bfe29d5 elementor-widget elementor-widget-text-editor\" data-id=\"bfe29d5\" data-element_type=\"widget\" data-widget_type=\"text-editor.default\">\n\t\t\t\t<div class=\"elementor-widget-container\">\n\t\t\t\t\t\t\t\t\tNuestro valor a\u00f1adido recae en la colaboraci\u00f3n de los departamentos t\u00e9cnicos de nuestros clientes en el momento de crear un producto nuevo:\t\t\t\t\t\t\t\t<\/div>\n\t\t\t\t<\/div>\n\t\t\t\t\t<\/div>\n\t\t<\/div>\n\t\t\t\t<div class=\"elementor-column elementor-col-25 elementor-top-column elementor-element elementor-element-bf75534\" data-id=\"bf75534\" data-element_type=\"column\" data-settings=\"{&quot;background_background&quot;:&quot;classic&quot;}\">\n\t\t\t<div class=\"elementor-widget-wrap elementor-element-populated\">\n\t\t\t\t\t\t<div class=\"elementor-element elementor-element-751423b numero-nosaltres elementor-widget elementor-widget-text-editor\" data-id=\"751423b\" data-element_type=\"widget\" data-widget_type=\"text-editor.default\">\n\t\t\t\t<div class=\"elementor-widget-container\">\n\t\t\t\t\t\t\t\t\t<p>1<\/p>\t\t\t\t\t\t\t\t<\/div>\n\t\t\t\t<\/div>\n\t\t\t\t<div class=\"elementor-element elementor-element-89bea63 elementor-widget elementor-widget-text-editor\" data-id=\"89bea63\" data-element_type=\"widget\" data-widget_type=\"text-editor.default\">\n\t\t\t\t<div class=\"elementor-widget-container\">\n\t\t\t\t\t\t\t\t\tSelecci\u00f3n del material seg\u00fan necesidad del producto.\t\t\t\t\t\t\t\t<\/div>\n\t\t\t\t<\/div>\n\t\t\t\t\t<\/div>\n\t\t<\/div>\n\t\t\t\t<div class=\"elementor-column elementor-col-25 elementor-top-column elementor-element elementor-element-8385b4d\" data-id=\"8385b4d\" data-element_type=\"column\" data-settings=\"{&quot;background_background&quot;:&quot;classic&quot;}\">\n\t\t\t<div class=\"elementor-widget-wrap elementor-element-populated\">\n\t\t\t\t\t\t<div class=\"elementor-element elementor-element-ad94a6f numero-nosaltres elementor-widget elementor-widget-text-editor\" data-id=\"ad94a6f\" data-element_type=\"widget\" data-widget_type=\"text-editor.default\">\n\t\t\t\t<div class=\"elementor-widget-container\">\n\t\t\t\t\t\t\t\t\t<p>2<\/p>\t\t\t\t\t\t\t\t<\/div>\n\t\t\t\t<\/div>\n\t\t\t\t<div class=\"elementor-element elementor-element-ce63c6a elementor-widget elementor-widget-text-editor\" data-id=\"ce63c6a\" data-element_type=\"widget\" data-widget_type=\"text-editor.default\">\n\t\t\t\t<div class=\"elementor-widget-container\">\n\t\t\t\t\t\t\t\t\tCompra de la materia prima a fabricantes.\t\t\t\t\t\t\t\t<\/div>\n\t\t\t\t<\/div>\n\t\t\t\t\t<\/div>\n\t\t<\/div>\n\t\t\t\t<div class=\"elementor-column elementor-col-25 elementor-top-column elementor-element elementor-element-aba4f10\" data-id=\"aba4f10\" data-element_type=\"column\" data-settings=\"{&quot;background_background&quot;:&quot;classic&quot;}\">\n\t\t\t<div class=\"elementor-widget-wrap elementor-element-populated\">\n\t\t\t\t\t\t<div class=\"elementor-element elementor-element-80b9f1c numero-nosaltres elementor-widget elementor-widget-text-editor\" data-id=\"80b9f1c\" data-element_type=\"widget\" data-widget_type=\"text-editor.default\">\n\t\t\t\t<div class=\"elementor-widget-container\">\n\t\t\t\t\t\t\t\t\t<p>3<\/p>\t\t\t\t\t\t\t\t<\/div>\n\t\t\t\t<\/div>\n\t\t\t\t<div class=\"elementor-element elementor-element-6d8bb70 elementor-widget elementor-widget-text-editor\" data-id=\"6d8bb70\" data-element_type=\"widget\" data-widget_type=\"text-editor.default\">\n\t\t\t\t<div class=\"elementor-widget-container\">\n\t\t\t\t\t\t\t\t\tFabricaci\u00f3n y expedici\u00f3n del cableado.\t\t\t\t\t\t\t\t<\/div>\n\t\t\t\t<\/div>\n\t\t\t\t\t<\/div>\n\t\t<\/div>\n\t\t\t\t\t<\/div>\n\t\t<\/section>\n\t\t\t\t<section class=\"elementor-section elementor-top-section elementor-element elementor-element-95b5453 elementor-section-boxed elementor-section-height-default elementor-section-height-default\" data-id=\"95b5453\" data-element_type=\"section\">\n\t\t\t\t\t\t<div class=\"elementor-container elementor-column-gap-no\">\n\t\t\t\t\t<div class=\"elementor-column elementor-col-50 elementor-top-column elementor-element elementor-element-5c77f0c\" data-id=\"5c77f0c\" data-element_type=\"column\">\n\t\t\t<div class=\"elementor-widget-wrap elementor-element-populated\">\n\t\t\t\t\t\t<div class=\"elementor-element elementor-element-200887b elementor-widget elementor-widget-text-editor\" data-id=\"200887b\" data-element_type=\"widget\" data-widget_type=\"text-editor.default\">\n\t\t\t\t<div class=\"elementor-widget-container\">\n\t\t\t\t\t\t\t\t\tActualmente MAPCABLE est\u00e1 formado por un equipo de 80 profesionales distribuidos entre el Departamento de Compras, el Departamento T\u00e9cnico y el Departamento de Gesti\u00f3n de Almac\u00e9n y Transporte. La colaboraci\u00f3n entre los profesionales de cada departamento nos permite ser un equipo humano capaz de realizar y gestionar proyectos multitecnol\u00f3gicos, independientemente de su complejidad.\t\t\t\t\t\t\t\t<\/div>\n\t\t\t\t<\/div>\n\t\t\t\t\t<\/div>\n\t\t<\/div>\n\t\t\t\t<div class=\"elementor-column elementor-col-50 elementor-top-column elementor-element elementor-element-6725940\" data-id=\"6725940\" data-element_type=\"column\">\n\t\t\t<div class=\"elementor-widget-wrap elementor-element-populated\">\n\t\t\t\t\t\t<div class=\"elementor-element elementor-element-774d9c1 elementor-widget elementor-widget-text-editor\" data-id=\"774d9c1\" data-element_type=\"widget\" data-widget_type=\"text-editor.default\">\n\t\t\t\t<div class=\"elementor-widget-container\">\n\t\t\t\t\t\t\t\t\tCreemos en el desarrollo de las capacidades de las personas\t\t\t\t\t\t\t\t<\/div>\n\t\t\t\t<\/div>\n\t\t\t\t\t<\/div>\n\t\t<\/div>\n\t\t\t\t\t<\/div>\n\t\t<\/section>\n\t\t\t\t<section class=\"elementor-section elementor-top-section elementor-element elementor-element-49e1922 elementor-section-boxed elementor-section-height-default elementor-section-height-default\" data-id=\"49e1922\" data-element_type=\"section\">\n\t\t\t\t\t\t<div class=\"elementor-container elementor-column-gap-no\">\n\t\t\t\t\t<div class=\"elementor-column elementor-col-100 elementor-top-column elementor-element elementor-element-76a99c0\" data-id=\"76a99c0\" data-element_type=\"column\">\n\t\t\t<div class=\"elementor-widget-wrap elementor-element-populated\">\n\t\t\t\t\t\t<div class=\"elementor-element elementor-element-4a2cd6e elementor-widget elementor-widget-image\" data-id=\"4a2cd6e\" data-element_type=\"widget\" data-widget_type=\"image.default\">\n\t\t\t\t<div class=\"elementor-widget-container\">\n\t\t\t\t\t\t\t\t\t\t\t\t\t\t\t<img loading=\"lazy\" decoding=\"async\" width=\"1920\" height=\"1200\" src=\"https:\/\/mapcable.cat\/wp-content\/uploads\/2022\/03\/kardexmapcable.jpg\" class=\"attachment-full size-full wp-image-868\" alt=\"\" srcset=\"https:\/\/mapcable.cat\/wp-content\/uploads\/2022\/03\/kardexmapcable.jpg 1920w, https:\/\/mapcable.cat\/wp-content\/uploads\/2022\/03\/kardexmapcable-300x188.jpg 300w, https:\/\/mapcable.cat\/wp-content\/uploads\/2022\/03\/kardexmapcable-1024x640.jpg 1024w, https:\/\/mapcable.cat\/wp-content\/uploads\/2022\/03\/kardexmapcable-768x480.jpg 768w, https:\/\/mapcable.cat\/wp-content\/uploads\/2022\/03\/kardexmapcable-1536x960.jpg 1536w\" sizes=\"(max-width: 1920px) 100vw, 1920px\" \/>\t\t\t\t\t\t\t\t\t\t\t\t\t\t\t<\/div>\n\t\t\t\t<\/div>\n\t\t\t\t\t<\/div>\n\t\t<\/div>\n\t\t\t\t\t<\/div>\n\t\t<\/section>\n\t\t\t\t<\/div>\n\t\t","protected":false},"excerpt":{"rendered":"<p>MAPCABLE forma parte de la secci\u00f3n industrial del Centro Especial de Empleo de la Fundaci\u00f3n MAP (CETMAP). El objetivo final de las actividades del CETMAP es dar respuesta a la necesidad de trabajo, la inserci\u00f3n socio laboral de las personas y el v\u00ednculo con el territorio.La Fundaci\u00f3 MAP es una entidad sin \u00e1nimo de lucro [&hellip;]<\/p>\n","protected":false},"author":1,"featured_media":0,"parent":0,"menu_order":0,"comment_status":"closed","ping_status":"closed","template":"","meta":{"_acf_changed":false,"footnotes":""},"class_list":["post-987","page","type-page","status-publish","hentry"],"acf":[],"_links":{"self":[{"href":"https:\/\/mapcable.cat\/es\/wp-json\/wp\/v2\/pages\/987","targetHints":{"allow":["GET"]}}],"collection":[{"href":"https:\/\/mapcable.cat\/es\/wp-json\/wp\/v2\/pages"}],"about":[{"href":"https:\/\/mapcable.cat\/es\/wp-json\/wp\/v2\/types\/page"}],"author":[{"embeddable":true,"href":"https:\/\/mapcable.cat\/es\/wp-json\/wp\/v2\/users\/1"}],"replies":[{"embeddable":true,"href":"https:\/\/mapcable.cat\/es\/wp-json\/wp\/v2\/comments?post=987"}],"version-history":[{"count":2,"href":"https:\/\/mapcable.cat\/es\/wp-json\/wp\/v2\/pages\/987\/revisions"}],"predecessor-version":[{"id":1137,"href":"https:\/\/mapcable.cat\/es\/wp-json\/wp\/v2\/pages\/987\/revisions\/1137"}],"wp:attachment":[{"href":"https:\/\/mapcable.cat\/es\/wp-json\/wp\/v2\/media?parent=987"}],"curies":[{"name":"wp","href":"https:\/\/api.w.org\/{rel}","templated":true}]}}