{"id":1104,"date":"2022-01-02T13:52:04","date_gmt":"2022-01-02T12:52:04","guid":{"rendered":"http:\/\/mapcable.cat\/politica-de-cookies\/"},"modified":"2022-06-27T12:07:48","modified_gmt":"2022-06-27T10:07:48","slug":"politica-de-cookies","status":"publish","type":"page","link":"https:\/\/mapcable.cat\/es\/politica-de-cookies\/","title":{"rendered":"Pol\u00edtica de cookies"},"content":{"rendered":"<p>Este sitio web utiliza cookies. Las cookies son peque\u00f1os archivos de texto en los que los navegadores almacenan informaci\u00f3n durante las visitas a las p\u00e1ginas web. En cookies se pueden recoger datos como la direcci\u00f3n IP, la direcci\u00f3n que se est\u00e1 visitando, el sistema operativo, el idioma de navegaci\u00f3n, adem\u00e1s de otra informaci\u00f3n. Esta informaci\u00f3n no queda asociada a ninguna persona concreta, sino que es \u00fanicamente informaci\u00f3n estad\u00edstica para analizar la visibilidad de los diversos contenidos del sitio web.<\/p>\n<p>A continuaci\u00f3n, le damos informaci\u00f3n sobre qu\u00e9 cookies utiliza este sitio web as\u00ed como de la forma de controlar la gesti\u00f3n de cookies y de c\u00f3mo eliminarlas completamente.<\/p>\n<h3>Cookies que utiliza este sitio web<\/h3>\n<ul>\n<li>Cookie de Google Analytics. Google Analytics es un servicio gratuito que ofrece Google Inc. y que recopila informaci\u00f3n sobre qu\u00e9 p\u00e1ginas del sitio web se han consultado, en qu\u00e9 momento, con qu\u00e9 navegador, etc. Posteriormente, esta informaci\u00f3n se env\u00eda a los servidores de Google Inc. en Estados Unidos.<\/li>\n<li>Cookies de la aplicaci\u00f3n Add-this: Add-this es un servicio gratuito que permite compartir las p\u00e1ginas de este sitio web por distintos medios (e-mail, redes sociales, etc.). Add-this recopila informaci\u00f3n estad\u00edstica de su navegaci\u00f3n para ofrecerle en este sitio web o en otras publicidad adaptada a sus h\u00e1bitos de navegaci\u00f3n.<\/li>\n<\/ul>\n<h3>\u00bfC\u00f3mo administrar cookies en el navegador?<\/h3>\n<p>El usuario puede manejar las cookies instaladas en su equipo mediante la configuraci\u00f3n de las opciones del navegador. A continuaci\u00f3n le mostramos c\u00f3mo puede cambiar la configuraci\u00f3n en los principales navegadores del mercado para su versi\u00f3n de PC. En caso de que utilice otros navegadores o plataformas, por favor, consulte la documentaci\u00f3n espec\u00edfica suministrada por la empresa desarrolladora del navegador. La informaci\u00f3n mostrada aqu\u00ed para su configuraci\u00f3n es para las versiones existentes en el momento de la confecci\u00f3n de esta documentaci\u00f3n. Es posible que las instrucciones difieran en futuras versiones de los navegadores. En este caso, por favor, consulte el apartado de soporte correspondiente de la empresa desarrolladora.<\/p>\n<p><strong>Para ajustar los permisos relacionados con las cookies en el navegador Google Chrome:<\/strong><\/p>\n<ul>\n<li>Haga clic en el men\u00fa situado en la barra de herramientas.<\/li>\n<li>Seleccione Configuraci\u00f3n.<\/li>\n<li>Haga clic en Mostrar opciones avanzadas.<\/li>\n<li>En la secci\u00f3n Privacidad pulse el bot\u00f3n Configuraci\u00f3n de contenido.<\/li>\n<li>En la secci\u00f3n Cookies se pueden configurar las opciones.<\/li>\n<\/ul>\n<p><strong>Para ajustar los permisos relacionados con las cookies en el navegador Mozilla Firefox:<\/strong><\/p>\n<ul>\n<li>En la parte superior de la ventana de Firefox haga clic en el men\u00fa Herramientas.<\/li>\n<li>Seleccione Opciones.<\/li>\n<li>Seleccione el panel Privacidad.<\/li>\n<li>En la opci\u00f3n Firefox podr\u00e1 elegir Usar una configuraci\u00f3n personalizada para el historial para configurar las opciones.<\/li>\n<\/ul>\n<p><strong>Para ajustar los permisos relacionados con las cookies en el navegador Internet Explorer:<\/strong><\/p>\n<ul>\n<li>En la parte superior de la ventana de Internet Explorer haga clic en el men\u00fa Herramientas.<\/li>\n<li>Vaya a la pesta\u00f1a Seguridad y utilice la opci\u00f3n Eliminar el historial de exploraci\u00f3n para eliminar las cookies.<\/li>\n<\/ul>\n<p>Si bloquea el uso de cookies en su navegador es posible que algunos servicios o funcionalidades de la p\u00e1gina web no est\u00e9n disponibles.<\/p>\n","protected":false},"excerpt":{"rendered":"<p>Este sitio web utiliza cookies. Las cookies son peque\u00f1os archivos de texto en los que los navegadores almacenan informaci\u00f3n durante las visitas a las p\u00e1ginas web. En cookies se pueden recoger datos como la direcci\u00f3n IP, la direcci\u00f3n que se est\u00e1 visitando, el sistema operativo, el idioma de navegaci\u00f3n, adem\u00e1s de otra informaci\u00f3n. Esta informaci\u00f3n [&hellip;]<\/p>\n","protected":false},"author":1,"featured_media":0,"parent":0,"menu_order":0,"comment_status":"closed","ping_status":"closed","template":"","meta":{"_acf_changed":false,"footnotes":""},"class_list":["post-1104","page","type-page","status-publish","hentry"],"acf":[],"_links":{"self":[{"href":"https:\/\/mapcable.cat\/es\/wp-json\/wp\/v2\/pages\/1104","targetHints":{"allow":["GET"]}}],"collection":[{"href":"https:\/\/mapcable.cat\/es\/wp-json\/wp\/v2\/pages"}],"about":[{"href":"https:\/\/mapcable.cat\/es\/wp-json\/wp\/v2\/types\/page"}],"author":[{"embeddable":true,"href":"https:\/\/mapcable.cat\/es\/wp-json\/wp\/v2\/users\/1"}],"replies":[{"embeddable":true,"href":"https:\/\/mapcable.cat\/es\/wp-json\/wp\/v2\/comments?post=1104"}],"version-history":[{"count":2,"href":"https:\/\/mapcable.cat\/es\/wp-json\/wp\/v2\/pages\/1104\/revisions"}],"predecessor-version":[{"id":1106,"href":"https:\/\/mapcable.cat\/es\/wp-json\/wp\/v2\/pages\/1104\/revisions\/1106"}],"wp:attachment":[{"href":"https:\/\/mapcable.cat\/es\/wp-json\/wp\/v2\/media?parent=1104"}],"curies":[{"name":"wp","href":"https:\/\/api.w.org\/{rel}","templated":true}]}}