{"id":1100,"date":"2021-09-15T10:26:04","date_gmt":"2021-09-15T08:26:04","guid":{"rendered":"http:\/\/mapcable.cat\/politica-de-privacidad\/"},"modified":"2022-06-27T12:04:10","modified_gmt":"2022-06-27T10:04:10","slug":"politica-de-privacidad","status":"publish","type":"page","link":"https:\/\/mapcable.cat\/es\/politica-de-privacidad\/","title":{"rendered":"Pol\u00edtica de privacidad"},"content":{"rendered":"<p>La pol\u00edtica de privacidad y de tratamiento y de protecci\u00f3n de los datos personales de la Fundaci\u00f3n MAP la puede encontrar detallada en el siguiente documento: <a href=\"https:\/\/fundaciomap.org\/wp-content\/uploads\/POL%C3%8DTICA-DE-PROTECCI%C3%93-DE-DADESAct2020.pdf\" target=\"_blank\" rel=\"noopener\">POL\u00cdTICA DE PROTECCI\u00d3N DE DATOS PERSONALES DE LA FUNDACI\u00d3N PRIVADA MAP<\/a><\/p>\n<h3>Alcance de la pol\u00edtica de protecci\u00f3n de datos personales<\/h3>\n<p>La pol\u00edtica de protecci\u00f3n de datos de car\u00e1cter personal de la Fundaci\u00f3n MAP abarca cualquier tratamiento de datos que pueda producirse en la presentaci\u00f3n de nuestros servicios fundacionales, al navegar o interaccionar por cualquiera de nuestras p\u00e1ginas web o redes sociales en las que podamos tener presencia (Twitter, Facebook, Instagram, Youtube, etc.). Al final de este documento, se especifica informaci\u00f3n especial en el caso del uso de las redes sociales. Tambi\u00e9n se aplicar\u00e1 en cualquier procedimiento interno de la empresa que requiera la recogida de datos, ya sea en formularios en formato papel o cualquier otro sistema. En cualquiera de estos medios la persona usuaria puede consultar informaci\u00f3n, y en algunos casos rellenar formularios, contestar encuestas, participar en concursos, realizar consultas, enviar fotograf\u00edas, hacer comentarios, etc. \u2026 y, por tanto, proporcionar a la entidad informaci\u00f3n de datos de car\u00e1cter personal. Todos los tratamientos est\u00e1n sujetos a nuestra pol\u00edtica de privacidad.<\/p>\n<h3>\u00bfQui\u00e9n es el Responsable del Tratamiento de sus datos personales?<\/h3>\n<p>En cumplimiento de lo que establece el Reglamento (UE) 2016\/679 del Parlamento Europeo y del Consejo de 27 de abril de 2016, informamos que los datos de car\u00e1cter personal que nos proporcione la persona ser\u00e1n tratados por FUNDACI\u00d3 PRIVADA MAP (FUNDACI\u00d3 MAP), Pol\u00edgono Industrial Los Pintores, C\/Dal\u00ed 6-8. 17500 Ripoll. NIF: G17414905. Tel\u00e9fono: 972 70 31 04, correo electr\u00f3nico: <a href=\"mailto:protecciodades@fundaciomap.com\">protecciodades@fundaciomap.com<\/a><\/p>\n","protected":false},"excerpt":{"rendered":"<p>La pol\u00edtica de privacidad y de tratamiento y de protecci\u00f3n de los datos personales de la Fundaci\u00f3n MAP la puede encontrar detallada en el siguiente documento: POL\u00cdTICA DE PROTECCI\u00d3N DE DATOS PERSONALES DE LA FUNDACI\u00d3N PRIVADA MAP Alcance de la pol\u00edtica de protecci\u00f3n de datos personales La pol\u00edtica de protecci\u00f3n de datos de car\u00e1cter personal [&hellip;]<\/p>\n","protected":false},"author":1,"featured_media":0,"parent":0,"menu_order":0,"comment_status":"closed","ping_status":"closed","template":"","meta":{"_acf_changed":false,"footnotes":""},"class_list":["post-1100","page","type-page","status-publish","hentry"],"acf":[],"_links":{"self":[{"href":"https:\/\/mapcable.cat\/es\/wp-json\/wp\/v2\/pages\/1100","targetHints":{"allow":["GET"]}}],"collection":[{"href":"https:\/\/mapcable.cat\/es\/wp-json\/wp\/v2\/pages"}],"about":[{"href":"https:\/\/mapcable.cat\/es\/wp-json\/wp\/v2\/types\/page"}],"author":[{"embeddable":true,"href":"https:\/\/mapcable.cat\/es\/wp-json\/wp\/v2\/users\/1"}],"replies":[{"embeddable":true,"href":"https:\/\/mapcable.cat\/es\/wp-json\/wp\/v2\/comments?post=1100"}],"version-history":[{"count":2,"href":"https:\/\/mapcable.cat\/es\/wp-json\/wp\/v2\/pages\/1100\/revisions"}],"predecessor-version":[{"id":1102,"href":"https:\/\/mapcable.cat\/es\/wp-json\/wp\/v2\/pages\/1100\/revisions\/1102"}],"wp:attachment":[{"href":"https:\/\/mapcable.cat\/es\/wp-json\/wp\/v2\/media?parent=1100"}],"curies":[{"name":"wp","href":"https:\/\/api.w.org\/{rel}","templated":true}]}}