{"id":1096,"date":"2022-01-02T13:51:42","date_gmt":"2022-01-02T12:51:42","guid":{"rendered":"http:\/\/mapcable.cat\/avisos-legal\/"},"modified":"2022-06-27T12:23:51","modified_gmt":"2022-06-27T10:23:51","slug":"aviso-legal","status":"publish","type":"page","link":"https:\/\/mapcable.cat\/es\/aviso-legal\/","title":{"rendered":"Aviso legal"},"content":{"rendered":"<p>Este sitio web y todos sus contenidos, incluyendo los textos, im\u00e1genes, sonido y cualquier otro material, son propiedad de la Fundaci\u00f3 MAP, de alg\u00fan organismo vinculado a la entidad o de terceros que hayan autorizado el uso de estos contenidos en la Fundaci\u00f3n MAP y que est\u00e1n licenciados bajo Creative Commons.<\/p>\n<p><img decoding=\"async\" class=\"alignnone wp-image-922\" src=\"http:\/\/mapcable.cat\/wp-content\/uploads\/2022\/03\/creative-commons-logo.png\" alt=\"\" width=\"172\" height=\"60\" \/><\/p>\n<p><strong>Datos<\/strong><\/p>\n<ul>\n<li>Nombre propietario: Fundaci\u00f3 Privada MAP (con inscripci\u00f3n en el Registro de Fundaciones de la Generalidad de Catalu\u00f1a n\u00famero 1.047, clasificada como ben\u00e9fica de tipo asistencial)<\/li>\n<li>Domicilio social: Pol\u00edgono Industrial Los Pintores, C\/Dal\u00ed 6-8. 17500 Ripoll<\/li>\n<li>NIF: G17414905<\/li>\n<li>Tel\u00e9fono: 972 70 31 04<\/li>\n<li>Correo electr\u00f3nico: <a href=\"mailto:fundaciomap@fundaciomap.com\">fundaciomap@fundaciomap.com<\/a><\/li>\n<\/ul>\n<p>La obra de Portal web de la Fundaci\u00f3n MAP est\u00e1 sujeta a una licencia de Reconocimiento-No comercial-Compartir Igual 3.0 Espa\u00f1a de Creative Commons. Creado a partir de una obra disponible en fundaciomap.org. Los permisos adicionales a los de esta licencia pueden encontrarse en fundaciomap.org.<\/p>\n<p>Todo acceso a este sitio web queda sujeto a las siguientes condiciones:<\/p>\n<ul>\n<li>S\u00f3lo est\u00e1 autorizado el uso personal no comercial. No est\u00e1 permitida la modificaci\u00f3n de la web ni de sus contenidos.<\/li>\n<li>La informaci\u00f3n administrativa facilitada a trav\u00e9s de esta web no sustituye a la publicidad legal de las leyes, de las disposiciones generales y de los actos que deban ser publicados formalmente en el DOGC, cuya edici\u00f3n digital es el \u00fanico instrumento que da fe de la autenticidad y contenido, o en otros diarios oficiales.<\/li>\n<li>La Administraci\u00f3n de la Fundaci\u00f3n MAP no es responsable de la informaci\u00f3n que puede obtenerse a trav\u00e9s de enlaces a sistemas externos que no sean dependientes de esta Administraci\u00f3n.<\/li>\n<li>La Fundaci\u00f3 MAP no garantiza que la web y el servidor est\u00e9n libres de virus y no se hace responsable de los da\u00f1os causados por el acceso a la web o por la imposibilidad de acceder a ella.<\/li>\n<\/ul>\n","protected":false},"excerpt":{"rendered":"<p>Este sitio web y todos sus contenidos, incluyendo los textos, im\u00e1genes, sonido y cualquier otro material, son propiedad de la Fundaci\u00f3 MAP, de alg\u00fan organismo vinculado a la entidad o de terceros que hayan autorizado el uso de estos contenidos en la Fundaci\u00f3n MAP y que est\u00e1n licenciados bajo Creative Commons. Datos Nombre propietario: Fundaci\u00f3 [&hellip;]<\/p>\n","protected":false},"author":1,"featured_media":0,"parent":0,"menu_order":0,"comment_status":"closed","ping_status":"closed","template":"","meta":{"_acf_changed":false,"footnotes":""},"class_list":["post-1096","page","type-page","status-publish","hentry"],"acf":[],"_links":{"self":[{"href":"https:\/\/mapcable.cat\/es\/wp-json\/wp\/v2\/pages\/1096","targetHints":{"allow":["GET"]}}],"collection":[{"href":"https:\/\/mapcable.cat\/es\/wp-json\/wp\/v2\/pages"}],"about":[{"href":"https:\/\/mapcable.cat\/es\/wp-json\/wp\/v2\/types\/page"}],"author":[{"embeddable":true,"href":"https:\/\/mapcable.cat\/es\/wp-json\/wp\/v2\/users\/1"}],"replies":[{"embeddable":true,"href":"https:\/\/mapcable.cat\/es\/wp-json\/wp\/v2\/comments?post=1096"}],"version-history":[{"count":3,"href":"https:\/\/mapcable.cat\/es\/wp-json\/wp\/v2\/pages\/1096\/revisions"}],"predecessor-version":[{"id":1124,"href":"https:\/\/mapcable.cat\/es\/wp-json\/wp\/v2\/pages\/1096\/revisions\/1124"}],"wp:attachment":[{"href":"https:\/\/mapcable.cat\/es\/wp-json\/wp\/v2\/media?parent=1096"}],"curies":[{"name":"wp","href":"https:\/\/api.w.org\/{rel}","templated":true}]}}